{"id":535,"date":"2025-08-29T15:09:52","date_gmt":"2025-08-29T15:09:52","guid":{"rendered":"https:\/\/villa-tikayparadi.fr\/?page_id=535"},"modified":"2025-08-30T16:44:02","modified_gmt":"2025-08-30T16:44:02","slug":"politique-de-confidentialite","status":"publish","type":"page","link":"https:\/\/villa-tikayparadi.fr\/en\/politique-de-confidentialite\/","title":{"rendered":"Politique de confidentialit\u00e9"},"content":{"rendered":"<h2 class=\"wp-block-heading\">Qui sommes-nous&nbsp;?<\/h2>\n\n\n\n<p><strong class=\"privacy-policy-tutorial\"> <\/strong>L\u2019adresse de notre site est\u00a0: https:\/\/villa-tikayparadi.fr.<br><br>Ce site appartient \u00e0 Ti Kay Paradi, Berca\u00efts\/Portier.<br>TI KAY PARADI est une Indivision entre personnes physiques : BERCAITS\/PORTIER&nbsp;<br>SIRET DU SIEGE SOCIAL : 932 392 525 00014<br>TVA INTRACOMMUNAUTAIRE : FR33932392525<br>Adresse : 52 impasse Agesilasse 97250 Saint Pierre, Martinique<br>Email : tikayparadi@gmail.com<br>Site web : www.villa-tikayparadi.fr<br>T\u00e9l\u00e9phone : 06 14 03 83 69<br><br>Responsable de la publication : Berca\u00efts\/Portier<br>Cr\u00e9ation site web : Dinah Brouster, contact@artmisia.fr,&nbsp;<a href=\"http:\/\/www.artmisia.fr\">www.artmisia.fr<\/a><\/p>\n\n\n\n<p><br>Le site Ti Kay Paradi utilise la plateforme Superhote pour la r\u00e9servation et le paiement en ligne :<br>Editeur du Site : Editions MRA<br>Responsable editorial : Editions MRA<br>27 RUE SAINT VINCENT DE PAUL 33800 BORDEAUX<br>T\u00e9l\u00e9phone : 07 57 94 74 96<br>Email : support@superhote.com<br>Site Web :&nbsp;<a href=\"https:\/\/www.superhote.com\">https:\/\/www.superhote.com<\/a><\/p>\n\n\n\n<h2 class=\"wp-block-heading\">H\u00e9bergement<\/h2>\n\n\n\n<p>H\u00e9bergeur : ovh \u2013 2 rue Kellermann 59100 Roubaix 1007<\/p>\n\n\n\n<h2 class=\"wp-block-heading\"><strong>Conditions G\u00e9n\u00e9rales d\u2019utilisation :<\/strong><\/h2>\n\n\n\n<p>Les Conditions&nbsp;G\u00e9n\u00e9rales d\u2019Utilisation du site peuvent \u00eatre retrouv\u00e9es sur&nbsp;<a href=\"https:\/\/www.superhote.com\/legal\/cgu\">https:\/\/superhote.com\/legal\/cgu<\/a><\/p>\n\n\n\n<p>\u200d<\/p>\n\n\n\n<h2 class=\"wp-block-heading\"><strong>Conditions G\u00e9n\u00e9rales de Vente:<\/strong><\/h2>\n\n\n\n<p>Les Conditions G\u00e9n\u00e9rales de Vente du site peuvent \u00eatre retrouv\u00e9es sur&nbsp;<a href=\"https:\/\/villa-tikayparadi.fr\/en\/conditions-generales-de-vente\/\">Conditions G\u00e9n\u00e9rales de Vente<\/a><\/p>\n\n\n\n<p>&#8211;<\/p>\n\n\n\n<h2 class=\"wp-block-heading\">Commentaires<\/h2>\n\n\n\n<p>Nous n&rsquo;autorisons pas les commentaires ni la cr\u00e9ation d&rsquo;un compte sur notre site. Le formulaire de r\u00e9servations que vous remplissez passe par la plateforme Superhote. Les Conditions\u00a0G\u00e9n\u00e9rales d\u2019Utilisation du site peuvent \u00eatre retrouv\u00e9es sur\u00a0<a href=\"https:\/\/www.superhote.com\/legal\/cgu\">https:\/\/superhote.com\/legal\/cgu<\/a><\/p>\n\n\n\n<h2 class=\"wp-block-heading\">M\u00e9dias<\/h2>\n\n\n\n<p>Nous n&rsquo;autorisons pas les commentaires ni la cr\u00e9ation d&rsquo;un compte sur notre site. Le formulaire de r\u00e9servations que vous remplissez passe par la plateforme Superhote. Les Conditions\u00a0G\u00e9n\u00e9rales d\u2019Utilisation du site peuvent \u00eatre retrouv\u00e9es sur\u00a0<a href=\"https:\/\/www.superhote.com\/legal\/cgu\">https:\/\/superhote.com\/legal\/cgu<\/a><\/p>\n\n\n\n<h2 class=\"wp-block-heading\">Cookies<\/h2>\n\n\n\n<p>Nous n&rsquo;autorisons pas les commentaires ni la cr\u00e9ation d&rsquo;un compte sur notre site. Le formulaire de r\u00e9servations que vous remplissez passe par la plateforme Superhote. Les Conditions\u00a0G\u00e9n\u00e9rales d\u2019Utilisation du site peuvent \u00eatre retrouv\u00e9es sur\u00a0<a href=\"https:\/\/www.superhote.com\/legal\/cgu\">https:\/\/superhote.com\/legal\/cgu<\/a><\/p>\n\n\n\n<h2 class=\"wp-block-heading\">Contenu embarqu\u00e9 depuis d\u2019autres sites<\/h2>\n\n\n\n<p>Les articles de ce site peuvent inclure des contenus int\u00e9gr\u00e9s (par exemple des vid\u00e9os, images, articles\u2026). Le contenu int\u00e9gr\u00e9 depuis d\u2019autres sites se comporte de la m\u00eame mani\u00e8re que si le visiteur se rendait sur cet autre site.<\/p>\n\n\n\n<p>Ces sites web pourraient collecter des donn\u00e9es sur vous, utiliser des cookies, embarquer des outils de suivis tiers, suivre vos interactions avec ces contenus embarqu\u00e9s si vous disposez d\u2019un compte connect\u00e9 sur leur site web.<\/p>\n\n\n\n<h2 class=\"wp-block-heading\">Utilisation et transmission de vos donn\u00e9es personnelles<\/h2>\n\n\n\n<p>Nous n&rsquo;autorisons pas les commentaires ni la cr\u00e9ation d&rsquo;un compte sur notre site. Le formulaire de r\u00e9servations que vous remplissez passe par la plateforme Superhote. Les Conditions\u00a0G\u00e9n\u00e9rales d\u2019Utilisation du site peuvent \u00eatre retrouv\u00e9es sur\u00a0<a href=\"https:\/\/www.superhote.com\/legal\/cgu\">https:\/\/superhote.com\/legal\/cgu<\/a><\/p>\n\n\n\n<h2 class=\"wp-block-heading\">Dur\u00e9es de stockage de vos donn\u00e9es<\/h2>\n\n\n\n<p>Nous n&rsquo;autorisons pas les commentaires ni la cr\u00e9ation d&rsquo;un compte sur notre site. Le formulaire de r\u00e9servations que vous remplissez passe par la plateforme Superhote. Les Conditions\u00a0G\u00e9n\u00e9rales d\u2019Utilisation du site peuvent \u00eatre retrouv\u00e9es sur\u00a0<a href=\"https:\/\/www.superhote.com\/legal\/cgu\">https:\/\/superhote.com\/legal\/cgu<\/a><\/p>\n\n\n\n<h2 class=\"wp-block-heading\">Les droits que vous avez sur vos donn\u00e9es<\/h2>\n\n\n\n<p>Nous n&rsquo;autorisons pas les commentaires ni la cr\u00e9ation d&rsquo;un compte sur notre site. Le formulaire de r\u00e9servations que vous remplissez passe par la plateforme Superhote. Les Conditions\u00a0G\u00e9n\u00e9rales d\u2019Utilisation du site peuvent \u00eatre retrouv\u00e9es sur\u00a0<a href=\"https:\/\/www.superhote.com\/legal\/cgu\">https:\/\/superhote.com\/legal\/cgu<\/a><\/p>\n\n\n\n<h2 class=\"wp-block-heading\">O\u00f9 vos donn\u00e9es sont envoy\u00e9es<\/h2>\n\n\n\n<p>Nous n&rsquo;autorisons pas les commentaires ni la cr\u00e9ation d&rsquo;un compte sur notre site. Le formulaire de r\u00e9servations que vous remplissez passe par la plateforme Superhote. Les Conditions\u00a0G\u00e9n\u00e9rales d\u2019Utilisation du site peuvent \u00eatre retrouv\u00e9es sur\u00a0<a href=\"https:\/\/www.superhote.com\/legal\/cgu\">https:\/\/superhote.com\/legal\/cgu<\/a><\/p>","protected":false},"excerpt":{"rendered":"<p>Qui sommes-nous&nbsp;? L\u2019adresse de notre site est\u00a0: https:\/\/villa-tikayparadi.fr. Ce site appartient \u00e0 Ti Kay Paradi, Berca\u00efts\/Portier.TI KAY PARADI est une Indivision entre personnes physiques : BERCAITS\/PORTIER&nbsp;SIRET DU SIEGE SOCIAL : 932 392 525 00014TVA INTRACOMMUNAUTAIRE : FR33932392525Adresse : 52 impasse Agesilasse 97250 Saint Pierre, MartiniqueEmail : tikayparadi@gmail.comSite web : www.villa-tikayparadi.frT\u00e9l\u00e9phone : 06 14 03 83 [&hellip;]<\/p>\n","protected":false},"author":1,"featured_media":0,"parent":0,"menu_order":0,"comment_status":"closed","ping_status":"closed","template":"","meta":{"_et_pb_use_builder":"","_et_pb_old_content":"","_et_gb_content_width":"","footnotes":""},"class_list":["post-535","page","type-page","status-publish","hentry"],"_links":{"self":[{"href":"https:\/\/villa-tikayparadi.fr\/en\/wp-json\/wp\/v2\/pages\/535","targetHints":{"allow":["GET"]}}],"collection":[{"href":"https:\/\/villa-tikayparadi.fr\/en\/wp-json\/wp\/v2\/pages"}],"about":[{"href":"https:\/\/villa-tikayparadi.fr\/en\/wp-json\/wp\/v2\/types\/page"}],"author":[{"embeddable":true,"href":"https:\/\/villa-tikayparadi.fr\/en\/wp-json\/wp\/v2\/users\/1"}],"replies":[{"embeddable":true,"href":"https:\/\/villa-tikayparadi.fr\/en\/wp-json\/wp\/v2\/comments?post=535"}],"version-history":[{"count":2,"href":"https:\/\/villa-tikayparadi.fr\/en\/wp-json\/wp\/v2\/pages\/535\/revisions"}],"predecessor-version":[{"id":567,"href":"https:\/\/villa-tikayparadi.fr\/en\/wp-json\/wp\/v2\/pages\/535\/revisions\/567"}],"wp:attachment":[{"href":"https:\/\/villa-tikayparadi.fr\/en\/wp-json\/wp\/v2\/media?parent=535"}],"curies":[{"name":"wp","href":"https:\/\/api.w.org\/{rel}","templated":true}]}}