{"id":537,"date":"2025-08-29T15:19:46","date_gmt":"2025-08-29T15:19:46","guid":{"rendered":"https:\/\/villa-tikayparadi.fr\/?page_id=537"},"modified":"2025-08-29T15:19:46","modified_gmt":"2025-08-29T15:19:46","slug":"conditions-generales-de-vente","status":"publish","type":"page","link":"https:\/\/villa-tikayparadi.fr\/en\/conditions-generales-de-vente\/","title":{"rendered":"Conditions g\u00e9n\u00e9rales de vente"},"content":{"rendered":"<p><strong>1 &#8211; Objet<\/strong><\/p>\n\n\n\n<p>Les pr\u00e9sentes Conditions G\u00e9n\u00e9rales de Vente (CGV) r\u00e9gissent toutes les r\u00e9servations effectu\u00e9es sur notre site de location courte dur\u00e9e. En r\u00e9servant un logement sur notre site, vous acceptez sans r\u00e9serve les pr\u00e9sentes CGV.<\/p>\n\n\n\n<p><strong>2 &#8211; R\u00e9servation et Paiement<\/strong><\/p>\n\n\n\n<p>La r\u00e9servation devient effective d\u00e8s la r\u00e9servation.<\/p>\n\n\n\n<p><strong>3 &#8211; Annulation<\/strong><\/p>\n\n\n\n<p>Toute annulation doit \u00eatre notifi\u00e9e par \u00e9crit.<\/p>\n\n\n\n<p><strong>4 &#8211; Arriv\u00e9e et D\u00e9part<\/strong><\/p>\n\n\n\n<p>Le logement est disponible \u00e0 partir de 16h le jour de l\u2019arriv\u00e9e et doit \u00eatre lib\u00e9r\u00e9 avant 11h le jour du d\u00e9part.<\/p>\n\n\n\n<p><strong>5 &#8211; Utilisation des Lieux<\/strong><\/p>\n\n\n\n<p>Le locataire s\u2019engage \u00e0 utiliser les lieux de mani\u00e8re paisible et \u00e0 respecter le voisinage. Toute nuisance caus\u00e9e au voisinage pourrait entra\u00eener la r\u00e9siliation imm\u00e9diate de la location sans remboursement.<\/p>\n\n\n\n<p><strong>6 &#8211; D\u00e9p\u00f4t de Garantie<\/strong><\/p>\n\n\n\n<p>Un d\u00e9p\u00f4t de garantie sera effectu\u00e9 avant l\u2019arriv\u00e9e. Ce d\u00e9p\u00f4t sera restitu\u00e9 dans un d\u00e9lai de 7 jours apr\u00e8s le d\u00e9part, sous r\u00e9serve qu\u2019aucun dommage ne soit constat\u00e9.<\/p>\n\n\n\n<p><strong>7 &#8211; Responsabilit\u00e9<\/strong><\/p>\n\n\n\n<p>Nous d\u00e9clinons toute responsabilit\u00e9 en cas de vol, perte ou dommage des biens personnels du locataire. Le locataire est responsable de tout dommage caus\u00e9 par lui-m\u00eame ou ses accompagnants pendant la p\u00e9riode de location.<\/p>\n\n\n\n<p><strong>8 &#8211; Litiges<\/strong><\/p>\n\n\n\n<p>Tout litige relatif \u00e0 l\u2019ex\u00e9cution ou \u00e0 l\u2019interpr\u00e9tation des pr\u00e9sentes CGV sera soumis au tribunal comp\u00e9tent du lieu du bien lou\u00e9.<\/p>","protected":false},"excerpt":{"rendered":"<p>1 &#8211; Objet Les pr\u00e9sentes Conditions G\u00e9n\u00e9rales de Vente (CGV) r\u00e9gissent toutes les r\u00e9servations effectu\u00e9es sur notre site de location courte dur\u00e9e. En r\u00e9servant un logement sur notre site, vous acceptez sans r\u00e9serve les pr\u00e9sentes CGV. 2 &#8211; R\u00e9servation et Paiement La r\u00e9servation devient effective d\u00e8s la r\u00e9servation. 3 &#8211; Annulation Toute annulation doit \u00eatre [&hellip;]<\/p>\n","protected":false},"author":1,"featured_media":0,"parent":0,"menu_order":0,"comment_status":"closed","ping_status":"closed","template":"","meta":{"_et_pb_use_builder":"off","_et_pb_old_content":"","_et_gb_content_width":"2880","footnotes":""},"class_list":["post-537","page","type-page","status-publish","hentry"],"_links":{"self":[{"href":"https:\/\/villa-tikayparadi.fr\/en\/wp-json\/wp\/v2\/pages\/537","targetHints":{"allow":["GET"]}}],"collection":[{"href":"https:\/\/villa-tikayparadi.fr\/en\/wp-json\/wp\/v2\/pages"}],"about":[{"href":"https:\/\/villa-tikayparadi.fr\/en\/wp-json\/wp\/v2\/types\/page"}],"author":[{"embeddable":true,"href":"https:\/\/villa-tikayparadi.fr\/en\/wp-json\/wp\/v2\/users\/1"}],"replies":[{"embeddable":true,"href":"https:\/\/villa-tikayparadi.fr\/en\/wp-json\/wp\/v2\/comments?post=537"}],"version-history":[{"count":1,"href":"https:\/\/villa-tikayparadi.fr\/en\/wp-json\/wp\/v2\/pages\/537\/revisions"}],"predecessor-version":[{"id":538,"href":"https:\/\/villa-tikayparadi.fr\/en\/wp-json\/wp\/v2\/pages\/537\/revisions\/538"}],"wp:attachment":[{"href":"https:\/\/villa-tikayparadi.fr\/en\/wp-json\/wp\/v2\/media?parent=537"}],"curies":[{"name":"wp","href":"https:\/\/api.w.org\/{rel}","templated":true}]}}