{"id":557,"date":"2025-08-30T16:31:03","date_gmt":"2025-08-30T16:31:03","guid":{"rendered":"https:\/\/villa-tikayparadi.fr\/?page_id=557"},"modified":"2025-08-30T16:31:03","modified_gmt":"2025-08-30T16:31:03","slug":"mentions-legales","status":"publish","type":"page","link":"https:\/\/villa-tikayparadi.fr\/en\/mentions-legales\/","title":{"rendered":"Mentions l\u00e9gales"},"content":{"rendered":"<p>Ce site appartient \u00e0 Ti Kay Paradi, Berca\u00efts\/Portier.<br>TI KAY PARADI est une Indivision entre personnes physiques : BERCAITS\/PORTIER <br>SIRET DU SIEGE SOCIAL : 932 392 525 00014<br>TVA INTRACOMMUNAUTAIRE : FR33932392525<br>Adresse : 52 impasse Agesilasse 97250 Saint Pierre, Martinique<br>Email : tikayparadi@gmail.com<br>Site web : www.villa-tikayparadi.fr<br>T\u00e9l\u00e9phone : 06 14 03 83 69<br><br>Responsable de la publication : Berca\u00efts\/Portier<br>Cr\u00e9ation site web : Dinah Brouster, contact@artmisia.fr, <a href=\"http:\/\/www.artmisia.fr\">www.artmisia.fr<\/a><\/p>\n\n\n\n<p><br>Le site Ti Kay Paradi utilise la plateforme Superhote pour la r\u00e9servation et le paiement en ligne :<br>Editeur du Site : Editions MRA<br>Responsable editorial : Editions MRA<br>27 RUE SAINT VINCENT DE PAUL 33800 BORDEAUX<br>T\u00e9l\u00e9phone : 07 57 94 74 96<br>Email : support@superhote.com<br>Site Web : <a href=\"https:\/\/www.superhote.com\">https:\/\/www.superhote.com<\/a><\/p>\n\n\n\n<p><\/p>\n\n\n\n<p><\/p>\n\n\n\n<h4 class=\"wp-block-heading\">H\u00e9bergement<\/h4>\n\n\n\n<p><\/p>\n\n\n\n<p>H\u00e9bergeur : ovh \u2013 2 rue Kellermann 59100 Roubaix 1007<\/p>\n\n\n\n<p><\/p>\n\n\n\n<h4 class=\"wp-block-heading\"><strong>Conditions G\u00e9n\u00e9rales d\u2019utilisation :<\/strong><\/h4>\n\n\n\n<p>Les Conditions&nbsp;G\u00e9n\u00e9rales d&rsquo;Utilisation du site peuvent \u00eatre retrouv\u00e9es sur&nbsp;<a href=\"https:\/\/www.superhote.com\/legal\/cgu\">https:\/\/superhote.com\/legal\/cgu<\/a><\/p>\n\n\n\n<p>\u200d<\/p>\n\n\n\n<h4 class=\"wp-block-heading\"><strong>Conditions G\u00e9n\u00e9rales de Vente:<\/strong><\/h4>\n\n\n\n<p>Les Conditions G\u00e9n\u00e9rales de Vente du site peuvent \u00eatre retrouv\u00e9es sur <a href=\"https:\/\/villa-tikayparadi.fr\/en\/conditions-generales-de-vente\/\" data-type=\"page\" data-id=\"537\">Conditions G\u00e9n\u00e9rales de Vente<\/a><\/p>\n\n\n\n<p>\u200d<\/p>\n\n\n\n<h4 class=\"wp-block-heading\"><strong>Politique de Confidentialit\u00e9:<\/strong><\/h4>\n\n\n\n<p>Les Conditions G\u00e9n\u00e9rales de Vente du site peuvent \u00eatre retrouv\u00e9es sur <a href=\"https:\/\/villa-tikayparadi.fr\/en\/politique-de-confidentialite\/\" data-type=\"page\" data-id=\"535\">Politique de Confidentialit\u00e9<\/a><\/p>","protected":false},"excerpt":{"rendered":"<p>Ce site appartient \u00e0 Ti Kay Paradi, Berca\u00efts\/Portier.TI KAY PARADI est une Indivision entre personnes physiques : BERCAITS\/PORTIER SIRET DU SIEGE SOCIAL : 932 392 525 00014TVA INTRACOMMUNAUTAIRE : FR33932392525Adresse : 52 impasse Agesilasse 97250 Saint Pierre, MartiniqueEmail : tikayparadi@gmail.comSite web : www.villa-tikayparadi.frT\u00e9l\u00e9phone : 06 14 03 83 69 Responsable de la publication : Berca\u00efts\/PortierCr\u00e9ation [&hellip;]<\/p>\n","protected":false},"author":1,"featured_media":0,"parent":0,"menu_order":0,"comment_status":"closed","ping_status":"closed","template":"","meta":{"_et_pb_use_builder":"off","_et_pb_old_content":"","_et_gb_content_width":"","footnotes":""},"class_list":["post-557","page","type-page","status-publish","hentry"],"_links":{"self":[{"href":"https:\/\/villa-tikayparadi.fr\/en\/wp-json\/wp\/v2\/pages\/557","targetHints":{"allow":["GET"]}}],"collection":[{"href":"https:\/\/villa-tikayparadi.fr\/en\/wp-json\/wp\/v2\/pages"}],"about":[{"href":"https:\/\/villa-tikayparadi.fr\/en\/wp-json\/wp\/v2\/types\/page"}],"author":[{"embeddable":true,"href":"https:\/\/villa-tikayparadi.fr\/en\/wp-json\/wp\/v2\/users\/1"}],"replies":[{"embeddable":true,"href":"https:\/\/villa-tikayparadi.fr\/en\/wp-json\/wp\/v2\/comments?post=557"}],"version-history":[{"count":1,"href":"https:\/\/villa-tikayparadi.fr\/en\/wp-json\/wp\/v2\/pages\/557\/revisions"}],"predecessor-version":[{"id":558,"href":"https:\/\/villa-tikayparadi.fr\/en\/wp-json\/wp\/v2\/pages\/557\/revisions\/558"}],"wp:attachment":[{"href":"https:\/\/villa-tikayparadi.fr\/en\/wp-json\/wp\/v2\/media?parent=557"}],"curies":[{"name":"wp","href":"https:\/\/api.w.org\/{rel}","templated":true}]}}